{"id":2,"date":"2015-09-09T11:56:20","date_gmt":"2015-09-09T11:56:20","guid":{"rendered":"https:\/\/blog.estudiodeyogacosta7.com\/?page_id=2"},"modified":"2024-08-23T15:52:58","modified_gmt":"2024-08-23T15:52:58","slug":"bienvenidos","status":"publish","type":"page","link":"https:\/\/blog.estudiodeyogacosta7.com\/","title":{"rendered":"\u00a1Bienvenidos!"},"content":{"rendered":"\n<div class=\"wp-block-group is-vertical is-content-justification-center is-layout-flex wp-container-core-group-is-layout-ce155fab wp-block-group-is-layout-flex\">\n<h2 class=\"wp-block-heading has-text-align-center\">&nbsp;<strong><span style=\"color: #0d0d54;\">BIENVENIDOS AL BLOG DEL ESTUDIO DE YOGA COSTA 7<\/span><\/strong>&nbsp;<\/h2>\n\n\n\n<h5 class=\"wp-block-heading\">Aqu\u00ed puedes encontrar informaci\u00f3n relacionada con la salud y la pr\u00e1ctica del yoga.<\/h5>\n\n\n\n<h5 class=\"wp-block-heading\"><span style=\"color: #800000;\"><em>Pulsa sobre cada&nbsp;imagen para acceder al apartado correspondiente<\/em><\/span><\/h5>\n\n\n\n<div class=\"wp-block-group is-nowrap is-layout-flex wp-container-core-group-is-layout-6c531013 wp-block-group-is-layout-flex\">\n<figure class=\"wp-block-image size-full is-resized\"><a href=\"https:\/\/blog.estudiodeyogacosta7.com\/?cat=2\"><img loading=\"lazy\" decoding=\"async\" width=\"960\" height=\"720\" src=\"https:\/\/blog.estudiodeyogacosta7.com\/wp-content\/uploads\/2015\/09\/Diapositiva1-1.jpg\" alt=\"\" class=\"wp-image-170\" style=\"width:350px;height:auto\" srcset=\"https:\/\/blog.estudiodeyogacosta7.com\/wp-content\/uploads\/2015\/09\/Diapositiva1-1.jpg 960w, https:\/\/blog.estudiodeyogacosta7.com\/wp-content\/uploads\/2015\/09\/Diapositiva1-1-300x225.jpg 300w, https:\/\/blog.estudiodeyogacosta7.com\/wp-content\/uploads\/2015\/09\/Diapositiva1-1-768x576.jpg 768w\" sizes=\"auto, (max-width: 960px) 100vw, 960px\" \/><\/a><\/figure>\n\n\n\n<figure class=\"wp-block-image size-full is-resized\"><a href=\"https:\/\/blog.estudiodeyogacosta7.com\/?cat=7\"><img loading=\"lazy\" decoding=\"async\" width=\"960\" height=\"720\" src=\"https:\/\/blog.estudiodeyogacosta7.com\/wp-content\/uploads\/2015\/09\/Presentaci\u00f3n1.jpg\" alt=\"\" class=\"wp-image-171\" style=\"width:347px;height:auto\" srcset=\"https:\/\/blog.estudiodeyogacosta7.com\/wp-content\/uploads\/2015\/09\/Presentaci\u00f3n1.jpg 960w, https:\/\/blog.estudiodeyogacosta7.com\/wp-content\/uploads\/2015\/09\/Presentaci\u00f3n1-300x225.jpg 300w, https:\/\/blog.estudiodeyogacosta7.com\/wp-content\/uploads\/2015\/09\/Presentaci\u00f3n1-768x576.jpg 768w\" sizes=\"auto, (max-width: 960px) 100vw, 960px\" \/><\/a><\/figure>\n<\/div>\n\n\n\n<div class=\"wp-block-group is-nowrap is-layout-flex wp-container-core-group-is-layout-6c531013 wp-block-group-is-layout-flex\">\n<div class=\"wp-block-group is-nowrap is-layout-flex wp-container-core-group-is-layout-6c531013 wp-block-group-is-layout-flex\">\n<figure class=\"wp-block-image size-full is-resized\"><a href=\"https:\/\/blog.estudiodeyogacosta7.com\/?cat=5\"><img loading=\"lazy\" decoding=\"async\" width=\"960\" height=\"720\" src=\"https:\/\/blog.estudiodeyogacosta7.com\/wp-content\/uploads\/2015\/09\/Diapositiva4-1.jpg\" alt=\"\" class=\"wp-image-173\" style=\"width:347px;height:auto\" srcset=\"https:\/\/blog.estudiodeyogacosta7.com\/wp-content\/uploads\/2015\/09\/Diapositiva4-1.jpg 960w, https:\/\/blog.estudiodeyogacosta7.com\/wp-content\/uploads\/2015\/09\/Diapositiva4-1-300x225.jpg 300w, https:\/\/blog.estudiodeyogacosta7.com\/wp-content\/uploads\/2015\/09\/Diapositiva4-1-768x576.jpg 768w\" sizes=\"auto, (max-width: 960px) 100vw, 960px\" \/><\/a><\/figure>\n\n\n\n<figure class=\"wp-block-image size-full is-resized is-style-default\"><a href=\"https:\/\/blog.estudiodeyogacosta7.com\/?cat=3\"><img loading=\"lazy\" decoding=\"async\" width=\"960\" height=\"720\" src=\"https:\/\/blog.estudiodeyogacosta7.com\/wp-content\/uploads\/2015\/09\/Diapositiva-3.2.jpg\" alt=\"\" class=\"wp-image-188\" style=\"width:344px;height:auto\" srcset=\"https:\/\/blog.estudiodeyogacosta7.com\/wp-content\/uploads\/2015\/09\/Diapositiva-3.2.jpg 960w, https:\/\/blog.estudiodeyogacosta7.com\/wp-content\/uploads\/2015\/09\/Diapositiva-3.2-300x225.jpg 300w, https:\/\/blog.estudiodeyogacosta7.com\/wp-content\/uploads\/2015\/09\/Diapositiva-3.2-768x576.jpg 768w\" sizes=\"auto, (max-width: 960px) 100vw, 960px\" \/><\/a><\/figure>\n<\/div>\n<\/div>\n\n\n\n<p>&nbsp;<\/p>\n\n\n\n<div class=\"wp-block-group is-vertical is-layout-flex wp-container-core-group-is-layout-fe9cc265 wp-block-group-is-layout-flex\">\n<figure class=\"wp-block-image size-large is-resized\"><a href=\"https:\/\/blog.estudiodeyogacosta7.com\/wp-content\/uploads\/2024\/08\/Portada-A6.jpg\"><img loading=\"lazy\" decoding=\"async\" width=\"1024\" height=\"727\" src=\"https:\/\/blog.estudiodeyogacosta7.com\/wp-content\/uploads\/2024\/08\/Portada-A6-1024x727.jpg\" alt=\"\" class=\"wp-image-351\" style=\"width:664px;height:auto\" srcset=\"https:\/\/blog.estudiodeyogacosta7.com\/wp-content\/uploads\/2024\/08\/Portada-A6-1024x727.jpg 1024w, https:\/\/blog.estudiodeyogacosta7.com\/wp-content\/uploads\/2024\/08\/Portada-A6-300x213.jpg 300w, https:\/\/blog.estudiodeyogacosta7.com\/wp-content\/uploads\/2024\/08\/Portada-A6-768x545.jpg 768w, https:\/\/blog.estudiodeyogacosta7.com\/wp-content\/uploads\/2024\/08\/Portada-A6.jpg 1398w\" sizes=\"auto, (max-width: 1024px) 100vw, 1024px\" \/><\/a><\/figure>\n\n\n\n<figure class=\"wp-block-image size-large is-resized\"><a href=\"https:\/\/blog.estudiodeyogacosta7.com\/wp-content\/uploads\/2024\/08\/Contraportada-A6.jpg\"><img loading=\"lazy\" decoding=\"async\" width=\"1024\" height=\"727\" src=\"https:\/\/blog.estudiodeyogacosta7.com\/wp-content\/uploads\/2024\/08\/Contraportada-A6-1024x727.jpg\" alt=\"\" class=\"wp-image-350\" style=\"width:662px;height:auto\" srcset=\"https:\/\/blog.estudiodeyogacosta7.com\/wp-content\/uploads\/2024\/08\/Contraportada-A6-1024x727.jpg 1024w, https:\/\/blog.estudiodeyogacosta7.com\/wp-content\/uploads\/2024\/08\/Contraportada-A6-300x213.jpg 300w, https:\/\/blog.estudiodeyogacosta7.com\/wp-content\/uploads\/2024\/08\/Contraportada-A6-768x545.jpg 768w, https:\/\/blog.estudiodeyogacosta7.com\/wp-content\/uploads\/2024\/08\/Contraportada-A6.jpg 1398w\" sizes=\"auto, (max-width: 1024px) 100vw, 1024px\" \/><\/a><\/figure>\n<\/div>\n<\/div>\n","protected":false},"excerpt":{"rendered":"<p>&nbsp;BIENVENIDOS AL BLOG DEL ESTUDIO DE YOGA COSTA 7&nbsp; Aqu\u00ed puedes encontrar informaci\u00f3n relacionada con la salud y la pr\u00e1ctica [&hellip;]<\/p>\n","protected":false},"author":1,"featured_media":0,"parent":0,"menu_order":0,"comment_status":"open","ping_status":"open","template":"","meta":{"site-sidebar-layout":"default","site-content-layout":"","ast-site-content-layout":"","site-content-style":"default","site-sidebar-style":"default","ast-global-header-display":"","ast-banner-title-visibility":"","ast-main-header-display":"","ast-hfb-above-header-display":"","ast-hfb-below-header-display":"","ast-hfb-mobile-header-display":"","site-post-title":"","ast-breadcrumbs-content":"","ast-featured-img":"","footer-sml-layout":"","theme-transparent-header-meta":"","adv-header-id-meta":"","stick-header-meta":"","header-above-stick-meta":"","header-main-stick-meta":"","header-below-stick-meta":"","astra-migrate-meta-layouts":"default","ast-page-background-enabled":"default","ast-page-background-meta":{"desktop":{"background-color":"var(--ast-global-color-4)","background-image":"","background-repeat":"repeat","background-position":"center center","background-size":"auto","background-attachment":"scroll","background-type":"","background-media":"","overlay-type":"","overlay-color":"","overlay-opacity":"","overlay-gradient":""},"tablet":{"background-color":"","background-image":"","background-repeat":"repeat","background-position":"center center","background-size":"auto","background-attachment":"scroll","background-type":"","background-media":"","overlay-type":"","overlay-color":"","overlay-opacity":"","overlay-gradient":""},"mobile":{"background-color":"","background-image":"","background-repeat":"repeat","background-position":"center center","background-size":"auto","background-attachment":"scroll","background-type":"","background-media":"","overlay-type":"","overlay-color":"","overlay-opacity":"","overlay-gradient":""}},"ast-content-background-meta":{"desktop":{"background-color":"var(--ast-global-color-5)","background-image":"","background-repeat":"repeat","background-position":"center center","background-size":"auto","background-attachment":"scroll","background-type":"","background-media":"","overlay-type":"","overlay-color":"","overlay-opacity":"","overlay-gradient":""},"tablet":{"background-color":"var(--ast-global-color-5)","background-image":"","background-repeat":"repeat","background-position":"center center","background-size":"auto","background-attachment":"scroll","background-type":"","background-media":"","overlay-type":"","overlay-color":"","overlay-opacity":"","overlay-gradient":""},"mobile":{"background-color":"var(--ast-global-color-5)","background-image":"","background-repeat":"repeat","background-position":"center center","background-size":"auto","background-attachment":"scroll","background-type":"","background-media":"","overlay-type":"","overlay-color":"","overlay-opacity":"","overlay-gradient":""}},"footnotes":""},"class_list":["post-2","page","type-page","status-publish","hentry"],"yoast_head":"<!-- This site is optimized with the Yoast SEO plugin v27.4 - https:\/\/yoast.com\/product\/yoast-seo-wordpress\/ -->\n<title>\u00a1Bienvenidos! - YOGA COSTA 7<\/title>\n<meta name=\"description\" content=\"Blog dedicado al desarrollo de la consciencia y el cuidado de la salud a trav\u00e9s del yoga, la alimentaci\u00f3n y algunos remedios naturales.\" \/>\n<meta name=\"robots\" content=\"index, follow, max-snippet:-1, max-image-preview:large, max-video-preview:-1\" \/>\n<link rel=\"canonical\" href=\"https:\/\/blog.estudiodeyogacosta7.com\/\" \/>\n<meta property=\"og:locale\" content=\"es_ES\" \/>\n<meta property=\"og:type\" content=\"article\" \/>\n<meta property=\"og:title\" content=\"\u00a1Bienvenidos! - YOGA COSTA 7\" \/>\n<meta property=\"og:description\" content=\"Blog dedicado al desarrollo de la consciencia y el cuidado de la salud a trav\u00e9s del yoga, la alimentaci\u00f3n y algunos remedios naturales.\" \/>\n<meta property=\"og:url\" content=\"https:\/\/blog.estudiodeyogacosta7.com\/\" \/>\n<meta property=\"og:site_name\" content=\"YOGA COSTA 7\" \/>\n<meta property=\"article:publisher\" content=\"https:\/\/www.facebook.com\/yogacosta7\/\" \/>\n<meta property=\"article:modified_time\" content=\"2024-08-23T15:52:58+00:00\" \/>\n<meta property=\"og:image\" content=\"https:\/\/blog.estudiodeyogacosta7.com\/wp-content\/uploads\/2015\/09\/Diapositiva1-1.jpg\" \/>\n<meta name=\"twitter:card\" content=\"summary_large_image\" \/>\n<meta name=\"twitter:label1\" content=\"Tiempo de lectura\" \/>\n\t<meta name=\"twitter:data1\" content=\"2 minutos\" \/>\n<script type=\"application\/ld+json\" class=\"yoast-schema-graph\">{\"@context\":\"https:\\\/\\\/schema.org\",\"@graph\":[{\"@type\":\"WebPage\",\"@id\":\"https:\\\/\\\/blog.estudiodeyogacosta7.com\\\/\",\"url\":\"https:\\\/\\\/blog.estudiodeyogacosta7.com\\\/\",\"name\":\"\u00a1Bienvenidos! - YOGA COSTA 7\",\"isPartOf\":{\"@id\":\"https:\\\/\\\/blog.estudiodeyogacosta7.com\\\/#website\"},\"primaryImageOfPage\":{\"@id\":\"https:\\\/\\\/blog.estudiodeyogacosta7.com\\\/#primaryimage\"},\"image\":{\"@id\":\"https:\\\/\\\/blog.estudiodeyogacosta7.com\\\/#primaryimage\"},\"thumbnailUrl\":\"https:\\\/\\\/blog.estudiodeyogacosta7.com\\\/wp-content\\\/uploads\\\/2015\\\/09\\\/Diapositiva1-1.jpg\",\"datePublished\":\"2015-09-09T11:56:20+00:00\",\"dateModified\":\"2024-08-23T15:52:58+00:00\",\"description\":\"Blog dedicado al desarrollo de la consciencia y el cuidado de la salud a trav\u00e9s del yoga, la alimentaci\u00f3n y algunos remedios naturales.\",\"breadcrumb\":{\"@id\":\"https:\\\/\\\/blog.estudiodeyogacosta7.com\\\/#breadcrumb\"},\"inLanguage\":\"es\",\"potentialAction\":[{\"@type\":\"ReadAction\",\"target\":[\"https:\\\/\\\/blog.estudiodeyogacosta7.com\\\/\"]}]},{\"@type\":\"ImageObject\",\"inLanguage\":\"es\",\"@id\":\"https:\\\/\\\/blog.estudiodeyogacosta7.com\\\/#primaryimage\",\"url\":\"https:\\\/\\\/blog.estudiodeyogacosta7.com\\\/wp-content\\\/uploads\\\/2015\\\/09\\\/Diapositiva1-1.jpg\",\"contentUrl\":\"https:\\\/\\\/blog.estudiodeyogacosta7.com\\\/wp-content\\\/uploads\\\/2015\\\/09\\\/Diapositiva1-1.jpg\",\"width\":960,\"height\":720},{\"@type\":\"BreadcrumbList\",\"@id\":\"https:\\\/\\\/blog.estudiodeyogacosta7.com\\\/#breadcrumb\",\"itemListElement\":[{\"@type\":\"ListItem\",\"position\":1,\"name\":\"Portada\",\"item\":\"https:\\\/\\\/blog.estudiodeyogacosta7.com\\\/\"},{\"@type\":\"ListItem\",\"position\":2,\"name\":\"\u00a1Bienvenidos!\"}]},{\"@type\":\"WebSite\",\"@id\":\"https:\\\/\\\/blog.estudiodeyogacosta7.com\\\/#website\",\"url\":\"https:\\\/\\\/blog.estudiodeyogacosta7.com\\\/\",\"name\":\"YOGA COSTA 7\",\"description\":\"\",\"publisher\":{\"@id\":\"https:\\\/\\\/blog.estudiodeyogacosta7.com\\\/#organization\"},\"potentialAction\":[{\"@type\":\"SearchAction\",\"target\":{\"@type\":\"EntryPoint\",\"urlTemplate\":\"https:\\\/\\\/blog.estudiodeyogacosta7.com\\\/?s={search_term_string}\"},\"query-input\":{\"@type\":\"PropertyValueSpecification\",\"valueRequired\":true,\"valueName\":\"search_term_string\"}}],\"inLanguage\":\"es\"},{\"@type\":\"Organization\",\"@id\":\"https:\\\/\\\/blog.estudiodeyogacosta7.com\\\/#organization\",\"name\":\"YOGA COSTA 7\",\"url\":\"https:\\\/\\\/blog.estudiodeyogacosta7.com\\\/\",\"logo\":{\"@type\":\"ImageObject\",\"inLanguage\":\"es\",\"@id\":\"https:\\\/\\\/blog.estudiodeyogacosta7.com\\\/#\\\/schema\\\/logo\\\/image\\\/\",\"url\":\"https:\\\/\\\/blog.estudiodeyogacosta7.com\\\/wp-content\\\/uploads\\\/2023\\\/08\\\/logo.jpg\",\"contentUrl\":\"https:\\\/\\\/blog.estudiodeyogacosta7.com\\\/wp-content\\\/uploads\\\/2023\\\/08\\\/logo.jpg\",\"width\":1136,\"height\":945,\"caption\":\"YOGA COSTA 7\"},\"image\":{\"@id\":\"https:\\\/\\\/blog.estudiodeyogacosta7.com\\\/#\\\/schema\\\/logo\\\/image\\\/\"},\"sameAs\":[\"https:\\\/\\\/www.facebook.com\\\/yogacosta7\\\/\"]}]}<\/script>\n<!-- \/ Yoast SEO plugin. -->","yoast_head_json":{"title":"\u00a1Bienvenidos! - YOGA COSTA 7","description":"Blog dedicado al desarrollo de la consciencia y el cuidado de la salud a trav\u00e9s del yoga, la alimentaci\u00f3n y algunos remedios naturales.","robots":{"index":"index","follow":"follow","max-snippet":"max-snippet:-1","max-image-preview":"max-image-preview:large","max-video-preview":"max-video-preview:-1"},"canonical":"https:\/\/blog.estudiodeyogacosta7.com\/","og_locale":"es_ES","og_type":"article","og_title":"\u00a1Bienvenidos! - YOGA COSTA 7","og_description":"Blog dedicado al desarrollo de la consciencia y el cuidado de la salud a trav\u00e9s del yoga, la alimentaci\u00f3n y algunos remedios naturales.","og_url":"https:\/\/blog.estudiodeyogacosta7.com\/","og_site_name":"YOGA COSTA 7","article_publisher":"https:\/\/www.facebook.com\/yogacosta7\/","article_modified_time":"2024-08-23T15:52:58+00:00","og_image":[{"url":"https:\/\/blog.estudiodeyogacosta7.com\/wp-content\/uploads\/2015\/09\/Diapositiva1-1.jpg","type":"","width":"","height":""}],"twitter_card":"summary_large_image","twitter_misc":{"Tiempo de lectura":"2 minutos"},"schema":{"@context":"https:\/\/schema.org","@graph":[{"@type":"WebPage","@id":"https:\/\/blog.estudiodeyogacosta7.com\/","url":"https:\/\/blog.estudiodeyogacosta7.com\/","name":"\u00a1Bienvenidos! - YOGA COSTA 7","isPartOf":{"@id":"https:\/\/blog.estudiodeyogacosta7.com\/#website"},"primaryImageOfPage":{"@id":"https:\/\/blog.estudiodeyogacosta7.com\/#primaryimage"},"image":{"@id":"https:\/\/blog.estudiodeyogacosta7.com\/#primaryimage"},"thumbnailUrl":"https:\/\/blog.estudiodeyogacosta7.com\/wp-content\/uploads\/2015\/09\/Diapositiva1-1.jpg","datePublished":"2015-09-09T11:56:20+00:00","dateModified":"2024-08-23T15:52:58+00:00","description":"Blog dedicado al desarrollo de la consciencia y el cuidado de la salud a trav\u00e9s del yoga, la alimentaci\u00f3n y algunos remedios naturales.","breadcrumb":{"@id":"https:\/\/blog.estudiodeyogacosta7.com\/#breadcrumb"},"inLanguage":"es","potentialAction":[{"@type":"ReadAction","target":["https:\/\/blog.estudiodeyogacosta7.com\/"]}]},{"@type":"ImageObject","inLanguage":"es","@id":"https:\/\/blog.estudiodeyogacosta7.com\/#primaryimage","url":"https:\/\/blog.estudiodeyogacosta7.com\/wp-content\/uploads\/2015\/09\/Diapositiva1-1.jpg","contentUrl":"https:\/\/blog.estudiodeyogacosta7.com\/wp-content\/uploads\/2015\/09\/Diapositiva1-1.jpg","width":960,"height":720},{"@type":"BreadcrumbList","@id":"https:\/\/blog.estudiodeyogacosta7.com\/#breadcrumb","itemListElement":[{"@type":"ListItem","position":1,"name":"Portada","item":"https:\/\/blog.estudiodeyogacosta7.com\/"},{"@type":"ListItem","position":2,"name":"\u00a1Bienvenidos!"}]},{"@type":"WebSite","@id":"https:\/\/blog.estudiodeyogacosta7.com\/#website","url":"https:\/\/blog.estudiodeyogacosta7.com\/","name":"YOGA COSTA 7","description":"","publisher":{"@id":"https:\/\/blog.estudiodeyogacosta7.com\/#organization"},"potentialAction":[{"@type":"SearchAction","target":{"@type":"EntryPoint","urlTemplate":"https:\/\/blog.estudiodeyogacosta7.com\/?s={search_term_string}"},"query-input":{"@type":"PropertyValueSpecification","valueRequired":true,"valueName":"search_term_string"}}],"inLanguage":"es"},{"@type":"Organization","@id":"https:\/\/blog.estudiodeyogacosta7.com\/#organization","name":"YOGA COSTA 7","url":"https:\/\/blog.estudiodeyogacosta7.com\/","logo":{"@type":"ImageObject","inLanguage":"es","@id":"https:\/\/blog.estudiodeyogacosta7.com\/#\/schema\/logo\/image\/","url":"https:\/\/blog.estudiodeyogacosta7.com\/wp-content\/uploads\/2023\/08\/logo.jpg","contentUrl":"https:\/\/blog.estudiodeyogacosta7.com\/wp-content\/uploads\/2023\/08\/logo.jpg","width":1136,"height":945,"caption":"YOGA COSTA 7"},"image":{"@id":"https:\/\/blog.estudiodeyogacosta7.com\/#\/schema\/logo\/image\/"},"sameAs":["https:\/\/www.facebook.com\/yogacosta7\/"]}]}},"_links":{"self":[{"href":"https:\/\/blog.estudiodeyogacosta7.com\/index.php?rest_route=\/wp\/v2\/pages\/2","targetHints":{"allow":["GET"]}}],"collection":[{"href":"https:\/\/blog.estudiodeyogacosta7.com\/index.php?rest_route=\/wp\/v2\/pages"}],"about":[{"href":"https:\/\/blog.estudiodeyogacosta7.com\/index.php?rest_route=\/wp\/v2\/types\/page"}],"author":[{"embeddable":true,"href":"https:\/\/blog.estudiodeyogacosta7.com\/index.php?rest_route=\/wp\/v2\/users\/1"}],"replies":[{"embeddable":true,"href":"https:\/\/blog.estudiodeyogacosta7.com\/index.php?rest_route=%2Fwp%2Fv2%2Fcomments&post=2"}],"version-history":[{"count":54,"href":"https:\/\/blog.estudiodeyogacosta7.com\/index.php?rest_route=\/wp\/v2\/pages\/2\/revisions"}],"predecessor-version":[{"id":397,"href":"https:\/\/blog.estudiodeyogacosta7.com\/index.php?rest_route=\/wp\/v2\/pages\/2\/revisions\/397"}],"wp:attachment":[{"href":"https:\/\/blog.estudiodeyogacosta7.com\/index.php?rest_route=%2Fwp%2Fv2%2Fmedia&parent=2"}],"curies":[{"name":"wp","href":"https:\/\/api.w.org\/{rel}","templated":true}]}}